{"id":57492,"date":"2026-01-02T16:17:25","date_gmt":"2026-01-02T15:17:25","guid":{"rendered":"https:\/\/vocarchi.fr\/?page_id=57492"},"modified":"2026-03-30T17:06:31","modified_gmt":"2026-03-30T15:06:31","slug":"lhistoire-de-larchitecture-du-temps-present","status":"publish","type":"page","link":"https:\/\/vocarchi.fr\/index.php\/lhistoire-de-larchitecture-du-temps-present\/","title":{"rendered":"HATP"},"content":{"rendered":"<div class=\"wpb-content-wrapper\"><p>[vc_row full_width=\u00a0\u00bbstretch_row\u00a0\u00bb css_animation=\u00a0\u00bbfadeIn\u00a0\u00bb bg_type=\u00a0\u00bbbg_color\u00a0\u00bb enable_overlay=\u00a0\u00bbenable_overlay_value\u00a0\u00bb overlay_pattern=\u00a0\u00bb08.png\u00a0\u00bb overlay_pattern_opacity=\u00a0\u00bb20&Prime; bg_color_value=\u00a0\u00bb#FFFFFF\u00a0\u00bb css=\u00a0\u00bb.vc_custom_1774367225133{padding-top: 100px !important;}\u00a0\u00bb][vc_column offset=\u00a0\u00bbvc_col-lg-offset-0 vc_col-lg-12 vc_col-md-offset-0 vc_col-md-12 vc_col-sm-offset-0 vc_col-xs-12&Prime; css=\u00a0\u00bb.vc_custom_1766593599048{padding-bottom: 30px !important;}\u00a0\u00bb][vc_row_inner][vc_column_inner width=\u00a0\u00bb1\/2&Prime; css=\u00a0\u00bb.vc_custom_1773157739143{margin-bottom: 25px !important;border-right-width: 3px !important;padding-top: 30px !important;padding-bottom: 30px !important;border-right-style: solid !important;border-color: #7057E0 !important;}\u00a0\u00bb offset=\u00a0\u00bbvc_col-lg-offset-0 vc_col-md-offset-0 vc_col-sm-offset-0 vc_col-xs-6&Prime;][\/vc_column_inner][\/vc_row_inner]<div id=\"ultimate-heading-113069d125d5849b1\" class=\"uvc-heading ult-adjust-bottom-margin ultimate-heading-113069d125d5849b1 uvc-8806 \" data-hspacer=\"no_spacer\"  data-halign=\"center\" style=\"text-align:center\"><div class=\"uvc-heading-spacer no_spacer\" style=\"top\"><\/div><div class=\"uvc-main-heading ult-responsive\"  data-ultimate-target='.uvc-heading.ultimate-heading-113069d125d5849b1 h2'  data-responsive-json-new='{\"font-size\":\"desktop:50px;\",\"line-height\":\"desktop:60px;\"}' ><h2 style=\"font-weight:bold;color:#000000;margin-bottom:10px;\">HATP<\/h2><\/div><div class=\"uvc-sub-heading ult-responsive\"  data-ultimate-target='.uvc-heading.ultimate-heading-113069d125d5849b1 .uvc-sub-heading '  data-responsive-json-new='{\"font-size\":\"desktop:20px;\",\"line-height\":\"\"}'  style=\"font-weight:normal;color:#7057E0;\"><\/p>\n<p style=\"text-align: center;\">S\u00e9minaire sur l\u2019histoire<br \/>\nde l\u2019architecture du temps pr\u00e9sent<\/p>\n<p><\/div><\/div>[vc_row_inner equal_height=\u00a0\u00bbyes\u00a0\u00bb content_placement=\u00a0\u00bbmiddle\u00a0\u00bb css=\u00a0\u00bb.vc_custom_1773743835483{padding-top: 70px !important;}\u00a0\u00bb][vc_column_inner width=\u00a0\u00bb1\/2&Prime;][vc_video link=\u00a0\u00bbhttps:\/\/vimeo.com\/1139265284?fl=ml&amp;fe=ec\u00a0\u00bb el_aspect=\u00a0\u00bb43&Prime; align=\u00a0\u00bbcenter\u00a0\u00bb css=\u00a0\u00bb\u00a0\u00bb]<div id=\"ultimate-heading-767669d125d584a12\" class=\"uvc-heading ult-adjust-bottom-margin ultimate-heading-767669d125d584a12 uvc-691  uvc-heading-default-font-sizes\" data-hspacer=\"line_only\"  data-halign=\"left\" style=\"text-align:left\"><div class=\"uvc-heading-spacer line_only\" style=\"margin-bottom:8px;height:4px;\"><span class=\"uvc-headings-line\" style=\"border-style:solid;border-bottom-width:4px;border-color:#7057E0;width:30px;\"><\/span><\/div><div class=\"uvc-sub-heading ult-responsive\"  data-ultimate-target='.uvc-heading.ultimate-heading-767669d125d584a12 .uvc-sub-heading '  data-responsive-json-new='{\"font-size\":\"\",\"line-height\":\"\"}'  style=\"font-weight:normal;margin-bottom:20%;\"><\/p>\n<h5>01. Fran\u00e7ois Loyer &#8211; Dominique Amouroux &#8211; Dominique Rouillard<\/h5>\n<p><\/div><\/div>[\/vc_column_inner][vc_column_inner width=\u00a0\u00bb1\/2&Prime;][vc_video link=\u00a0\u00bbhttps:\/\/vimeo.com\/1139267129?fl=ml&amp;fe=ec\u00a0\u00bb el_aspect=\u00a0\u00bb43&Prime; align=\u00a0\u00bbcenter\u00a0\u00bb css=\u00a0\u00bb\u00a0\u00bb]<div id=\"ultimate-heading-866969d125d584a3c\" class=\"uvc-heading ult-adjust-bottom-margin ultimate-heading-866969d125d584a3c uvc-9299  uvc-heading-default-font-sizes\" data-hspacer=\"line_only\"  data-halign=\"left\" style=\"text-align:left\"><div class=\"uvc-heading-spacer line_only\" style=\"margin-bottom:8px;height:4px;\"><span class=\"uvc-headings-line\" style=\"border-style:solid;border-bottom-width:4px;border-color:#7057E0;width:30px;\"><\/span><\/div><div class=\"uvc-sub-heading ult-responsive\"  data-ultimate-target='.uvc-heading.ultimate-heading-866969d125d584a3c .uvc-sub-heading '  data-responsive-json-new='{\"font-size\":\"\",\"line-height\":\"\"}'  style=\"font-weight:normal;margin-bottom:20%;\"><\/p>\n<h5>02. Paul Landauer &#8211; Benoit Pouvreau &#8211; Bruno Vayssi\u00e8re<\/h5>\n<p><\/div><\/div>[\/vc_column_inner][\/vc_row_inner][vc_row_inner equal_height=\u00a0\u00bbyes\u00a0\u00bb content_placement=\u00a0\u00bbmiddle\u00a0\u00bb][vc_column_inner width=\u00a0\u00bb1\/2&Prime;][vc_video link=\u00a0\u00bbhttps:\/\/vimeo.com\/1139274233?fl=ml&amp;fe=ec\u00a0\u00bb el_aspect=\u00a0\u00bb43&Prime; css=\u00a0\u00bb\u00a0\u00bb]<div id=\"ultimate-heading-960769d125d584a5f\" class=\"uvc-heading ult-adjust-bottom-margin ultimate-heading-960769d125d584a5f uvc-2158  uvc-heading-default-font-sizes\" data-hspacer=\"line_only\"  data-halign=\"left\" style=\"text-align:left\"><div class=\"uvc-heading-spacer line_only\" style=\"margin-bottom:8px;height:4px;\"><span class=\"uvc-headings-line\" style=\"border-style:solid;border-bottom-width:4px;border-color:#7057E0;width:30px;\"><\/span><\/div><div class=\"uvc-sub-heading ult-responsive\"  data-ultimate-target='.uvc-heading.ultimate-heading-960769d125d584a5f .uvc-sub-heading '  data-responsive-json-new='{\"font-size\":\"\",\"line-height\":\"\"}'  style=\"font-weight:normal;margin-bottom:20%;\"><\/p>\n<h5>03. Pierre Chabard &#8211; G\u00e9rard Monnier &#8211; Bruno Reichlin<\/h5>\n<p><\/div><\/div>[\/vc_column_inner][vc_column_inner width=\u00a0\u00bb1\/2&Prime;][vc_video link=\u00a0\u00bbhttps:\/\/vimeo.com\/1139287658?fl=ml&amp;fe=ec\u00a0\u00bb el_aspect=\u00a0\u00bb43&Prime; css=\u00a0\u00bb\u00a0\u00bb]<div id=\"ultimate-heading-178469d125d584a80\" class=\"uvc-heading ult-adjust-bottom-margin ultimate-heading-178469d125d584a80 uvc-4904  uvc-heading-default-font-sizes\" data-hspacer=\"line_only\"  data-halign=\"left\" style=\"text-align:left\"><div class=\"uvc-heading-spacer line_only\" style=\"margin-bottom:8px;height:4px;\"><span class=\"uvc-headings-line\" style=\"border-style:solid;border-bottom-width:4px;border-color:#7057E0;width:30px;\"><\/span><\/div><div class=\"uvc-sub-heading ult-responsive\"  data-ultimate-target='.uvc-heading.ultimate-heading-178469d125d584a80 .uvc-sub-heading '  data-responsive-json-new='{\"font-size\":\"\",\"line-height\":\"\"}'  style=\"font-weight:normal;margin-bottom:20%;\"><\/p>\n<h5>04. Catherine Blain &#8211; Jean Castex &#8211; Simon Texier<\/h5>\n<p><\/div><\/div>[\/vc_column_inner][\/vc_row_inner][vc_row_inner equal_height=\u00a0\u00bbyes\u00a0\u00bb content_placement=\u00a0\u00bbmiddle\u00a0\u00bb][vc_column_inner width=\u00a0\u00bb1\/2&Prime;][vc_video link=\u00a0\u00bbhttps:\/\/vimeo.com\/1139288125?fl=ml&amp;fe=ec\u00a0\u00bb el_aspect=\u00a0\u00bb43&Prime; css=\u00a0\u00bb\u00a0\u00bb]<div id=\"ultimate-heading-935069d125d584aa0\" class=\"uvc-heading ult-adjust-bottom-margin ultimate-heading-935069d125d584aa0 uvc-2607  uvc-heading-default-font-sizes\" data-hspacer=\"line_only\"  data-halign=\"left\" style=\"text-align:left\"><div class=\"uvc-heading-spacer line_only\" style=\"margin-bottom:8px;height:4px;\"><span class=\"uvc-headings-line\" style=\"border-style:solid;border-bottom-width:4px;border-color:#7057E0;width:30px;\"><\/span><\/div><div class=\"uvc-sub-heading ult-responsive\"  data-ultimate-target='.uvc-heading.ultimate-heading-935069d125d584aa0 .uvc-sub-heading '  data-responsive-json-new='{\"font-size\":\"\",\"line-height\":\"\"}'  style=\"font-weight:normal;margin-bottom:20%;\"><\/p>\n<h5>05. Jean-Baptiste Minnaert &#8211; Gilles Ragot &#8211; Bernard Toulier<\/h5>\n<p><\/div><\/div>[\/vc_column_inner][vc_column_inner width=\u00a0\u00bb1\/2&Prime;][vc_video link=\u00a0\u00bbhttps:\/\/vimeo.com\/1139288588?fl=ml&amp;fe=ec\u00a0\u00bb el_aspect=\u00a0\u00bb43&Prime; css=\u00a0\u00bb\u00a0\u00bb]<div id=\"ultimate-heading-559369d125d584ac0\" class=\"uvc-heading ult-adjust-bottom-margin ultimate-heading-559369d125d584ac0 uvc-392  uvc-heading-default-font-sizes\" data-hspacer=\"line_only\"  data-halign=\"left\" style=\"text-align:left\"><div class=\"uvc-heading-spacer line_only\" style=\"margin-bottom:8px;height:4px;\"><span class=\"uvc-headings-line\" style=\"border-style:solid;border-bottom-width:4px;border-color:#7057E0;width:30px;\"><\/span><\/div><div class=\"uvc-sub-heading ult-responsive\"  data-ultimate-target='.uvc-heading.ultimate-heading-559369d125d584ac0 .uvc-sub-heading '  data-responsive-json-new='{\"font-size\":\"\",\"line-height\":\"\"}'  style=\"font-weight:normal;margin-bottom:20%;\"><\/p>\n<h5>06. Georges Farhat &#8211; Jacques Lucan &#8211; Jean-Claude Vigato<\/h5>\n<p><\/div><\/div>[\/vc_column_inner][\/vc_row_inner][vc_row_inner equal_height=\u00a0\u00bbyes\u00a0\u00bb content_placement=\u00a0\u00bbmiddle\u00a0\u00bb][vc_column_inner width=\u00a0\u00bb1\/2&Prime;][vc_video link=\u00a0\u00bbhttps:\/\/vimeo.com\/1139288912?fl=ml&amp;fe=ec\u00a0\u00bb el_aspect=\u00a0\u00bb43&Prime; css=\u00a0\u00bb\u00a0\u00bb]<div id=\"ultimate-heading-615469d125d584ae6\" class=\"uvc-heading ult-adjust-bottom-margin ultimate-heading-615469d125d584ae6 uvc-2244  uvc-heading-default-font-sizes\" data-hspacer=\"line_only\"  data-halign=\"left\" style=\"text-align:left\"><div class=\"uvc-heading-spacer line_only\" style=\"margin-bottom:8px;height:4px;\"><span class=\"uvc-headings-line\" style=\"border-style:solid;border-bottom-width:4px;border-color:#7057E0;width:30px;\"><\/span><\/div><div class=\"uvc-sub-heading ult-responsive\"  data-ultimate-target='.uvc-heading.ultimate-heading-615469d125d584ae6 .uvc-sub-heading '  data-responsive-json-new='{\"font-size\":\"\",\"line-height\":\"\"}'  style=\"font-weight:normal;margin-bottom:20%;\"><\/p>\n<h5>07. Jean-Lucien Bonillo &#8211; Henri Bresler &#8211; David Peyc\u00e9r\u00e9<\/h5>\n<p><\/div><\/div>[\/vc_column_inner][vc_column_inner width=\u00a0\u00bb1\/2&Prime;][vc_video link=\u00a0\u00bbhttps:\/\/vimeo.com\/1139289842?fl=ml&amp;fe=ec\u00a0\u00bb el_aspect=\u00a0\u00bb43&Prime; css=\u00a0\u00bb\u00a0\u00bb]<div id=\"ultimate-heading-665569d125d584b07\" class=\"uvc-heading ult-adjust-bottom-margin ultimate-heading-665569d125d584b07 uvc-9403  uvc-heading-default-font-sizes\" data-hspacer=\"line_only\"  data-halign=\"left\" style=\"text-align:left\"><div class=\"uvc-heading-spacer line_only\" style=\"margin-bottom:8px;height:4px;\"><span class=\"uvc-headings-line\" style=\"border-style:solid;border-bottom-width:4px;border-color:#7057E0;width:30px;\"><\/span><\/div><div class=\"uvc-sub-heading ult-responsive\"  data-ultimate-target='.uvc-heading.ultimate-heading-665569d125d584b07 .uvc-sub-heading '  data-responsive-json-new='{\"font-size\":\"\",\"line-height\":\"\"}'  style=\"font-weight:normal;margin-bottom:20%;\"><\/p>\n<h5>08. Anne-Marie Chatelet &#8211; Florence Wierre &#8211; Guy Lambert<\/h5>\n<p><\/div><\/div>[\/vc_column_inner][\/vc_row_inner][vc_row_inner equal_height=\u00a0\u00bbyes\u00a0\u00bb content_placement=\u00a0\u00bbmiddle\u00a0\u00bb][vc_column_inner width=\u00a0\u00bb1\/2&Prime;][vc_video link=\u00a0\u00bbhttps:\/\/vimeo.com\/1139290163?fl=ml&amp;fe=ec\u00a0\u00bb el_aspect=\u00a0\u00bb43&Prime; css=\u00a0\u00bb\u00a0\u00bb]<div id=\"ultimate-heading-703769d125d584b29\" class=\"uvc-heading ult-adjust-bottom-margin ultimate-heading-703769d125d584b29 uvc-9454  uvc-heading-default-font-sizes\" data-hspacer=\"line_only\"  data-halign=\"left\" style=\"text-align:left\"><div class=\"uvc-heading-spacer line_only\" style=\"margin-bottom:8px;height:4px;\"><span class=\"uvc-headings-line\" style=\"border-style:solid;border-bottom-width:4px;border-color:#7057E0;width:30px;\"><\/span><\/div><div class=\"uvc-sub-heading ult-responsive\"  data-ultimate-target='.uvc-heading.ultimate-heading-703769d125d584b29 .uvc-sub-heading '  data-responsive-json-new='{\"font-size\":\"\",\"line-height\":\"\"}'  style=\"font-weight:normal;margin-bottom:20%;\"><\/p>\n<h5>09. Virginie Picon-Lef\u00e8vre &#8211; Tim Benton &#8211; Nathalie Simonot<\/h5>\n<p><\/div><\/div>[\/vc_column_inner][vc_column_inner width=\u00a0\u00bb1\/2&Prime;][vc_video link=\u00a0\u00bbhttps:\/\/vimeo.com\/1139290617?fl=ml&amp;fe=ec\u00a0\u00bb el_aspect=\u00a0\u00bb43&Prime; css=\u00a0\u00bb\u00a0\u00bb]<div id=\"ultimate-heading-850269d125d584b49\" class=\"uvc-heading ult-adjust-bottom-margin ultimate-heading-850269d125d584b49 uvc-6018  uvc-heading-default-font-sizes\" data-hspacer=\"line_only\"  data-halign=\"left\" style=\"text-align:left\"><div class=\"uvc-heading-spacer line_only\" style=\"margin-bottom:8px;height:4px;\"><span class=\"uvc-headings-line\" style=\"border-style:solid;border-bottom-width:4px;border-color:#7057E0;width:30px;\"><\/span><\/div><div class=\"uvc-sub-heading ult-responsive\"  data-ultimate-target='.uvc-heading.ultimate-heading-850269d125d584b49 .uvc-sub-heading '  data-responsive-json-new='{\"font-size\":\"\",\"line-height\":\"\"}'  style=\"font-weight:normal;margin-bottom:20%;\"><\/p>\n<h5>10. Soline Nivet &#8211; R\u00e9mi Rouyer &#8211; Jean-Paul Midant<\/h5>\n<p><\/div><\/div>[\/vc_column_inner][\/vc_row_inner][vc_row_inner equal_height=\u00a0\u00bbyes\u00a0\u00bb content_placement=\u00a0\u00bbmiddle\u00a0\u00bb][vc_column_inner width=\u00a0\u00bb1\/2&Prime;][vc_video link=\u00a0\u00bbhttps:\/\/vimeo.com\/1139291365?fl=ml&amp;fe=ec\u00a0\u00bb el_aspect=\u00a0\u00bb43&Prime; css=\u00a0\u00bb\u00a0\u00bb]<div id=\"ultimate-heading-89269d125d584b68\" class=\"uvc-heading ult-adjust-bottom-margin ultimate-heading-89269d125d584b68 uvc-9169  uvc-heading-default-font-sizes\" data-hspacer=\"line_only\"  data-halign=\"left\" style=\"text-align:left\"><div class=\"uvc-heading-spacer line_only\" style=\"margin-bottom:8px;height:4px;\"><span class=\"uvc-headings-line\" style=\"border-style:solid;border-bottom-width:4px;border-color:#7057E0;width:30px;\"><\/span><\/div><div class=\"uvc-sub-heading ult-responsive\"  data-ultimate-target='.uvc-heading.ultimate-heading-89269d125d584b68 .uvc-sub-heading '  data-responsive-json-new='{\"font-size\":\"\",\"line-height\":\"\"}'  style=\"font-weight:normal;margin-bottom:20%;\"><\/p>\n<h5>11. Catherine Maumi &#8211; Daniel Le Cou\u00e9dic &#8211; Karen Bowie<\/h5>\n<p><\/div><\/div>[\/vc_column_inner][vc_column_inner width=\u00a0\u00bb1\/2&Prime;][vc_video link=\u00a0\u00bbhttps:\/\/vimeo.com\/1139292111?fl=ml&amp;fe=ec\u00a0\u00bb el_aspect=\u00a0\u00bb43&Prime; css=\u00a0\u00bb\u00a0\u00bb]<div id=\"ultimate-heading-590669d125d584b89\" class=\"uvc-heading ult-adjust-bottom-margin ultimate-heading-590669d125d584b89 uvc-4777  uvc-heading-default-font-sizes\" data-hspacer=\"line_only\"  data-halign=\"left\" style=\"text-align:left\"><div class=\"uvc-heading-spacer line_only\" style=\"margin-bottom:8px;height:4px;\"><span class=\"uvc-headings-line\" style=\"border-style:solid;border-bottom-width:4px;border-color:#7057E0;width:30px;\"><\/span><\/div><div class=\"uvc-sub-heading ult-responsive\"  data-ultimate-target='.uvc-heading.ultimate-heading-590669d125d584b89 .uvc-sub-heading '  data-responsive-json-new='{\"font-size\":\"\",\"line-height\":\"\"}'  style=\"font-weight:normal;margin-bottom:20%;\"><\/p>\n<h5>12. Marie-Jeanne Dumont &#8211; Philippe Grandvoinnet &#8211; Mario Carpo<\/h5>\n<p><\/div><\/div>[\/vc_column_inner][\/vc_row_inner][vc_row_inner equal_height=\u00a0\u00bbyes\u00a0\u00bb content_placement=\u00a0\u00bbmiddle\u00a0\u00bb][vc_column_inner width=\u00a0\u00bb1\/2&Prime;][vc_video link=\u00a0\u00bbhttps:\/\/vimeo.com\/1139292425?fl=ml&amp;fe=ec\u00a0\u00bb el_aspect=\u00a0\u00bb43&Prime; css=\u00a0\u00bb\u00a0\u00bb]<div id=\"ultimate-heading-539869d125d584ba6\" class=\"uvc-heading ult-adjust-bottom-margin ultimate-heading-539869d125d584ba6 uvc-1444  uvc-heading-default-font-sizes\" data-hspacer=\"line_only\"  data-halign=\"left\" style=\"text-align:left\"><div class=\"uvc-heading-spacer line_only\" style=\"margin-bottom:8px;height:4px;\"><span class=\"uvc-headings-line\" style=\"border-style:solid;border-bottom-width:4px;border-color:#7057E0;width:30px;\"><\/span><\/div><div class=\"uvc-sub-heading ult-responsive\"  data-ultimate-target='.uvc-heading.ultimate-heading-539869d125d584ba6 .uvc-sub-heading '  data-responsive-json-new='{\"font-size\":\"\",\"line-height\":\"\"}'  style=\"font-weight:normal;margin-bottom:20%;\"><\/p>\n<h5>13. Richard Klein &#8211; H\u00e9l\u00e8ne Janni\u00e8re &#8211; Eric Alonzo<\/h5>\n<p><\/div><\/div>[\/vc_column_inner][vc_column_inner width=\u00a0\u00bb1\/2&Prime;][vc_video link=\u00a0\u00bbhttps:\/\/vimeo.com\/1139292837?fl=ml&amp;fe=ec\u00a0\u00bb el_aspect=\u00a0\u00bb43&Prime; css=\u00a0\u00bb\u00a0\u00bb]<div id=\"ultimate-heading-57069d125d584bc2\" class=\"uvc-heading ult-adjust-bottom-margin ultimate-heading-57069d125d584bc2 uvc-6037  uvc-heading-default-font-sizes\" data-hspacer=\"line_only\"  data-halign=\"left\" style=\"text-align:left\"><div class=\"uvc-heading-spacer line_only\" style=\"margin-bottom:8px;height:4px;\"><span class=\"uvc-headings-line\" style=\"border-style:solid;border-bottom-width:4px;border-color:#7057E0;width:30px;\"><\/span><\/div><div class=\"uvc-sub-heading ult-responsive\"  data-ultimate-target='.uvc-heading.ultimate-heading-57069d125d584bc2 .uvc-sub-heading '  data-responsive-json-new='{\"font-size\":\"\",\"line-height\":\"\"}'  style=\"font-weight:normal;margin-bottom:20%;\"><\/p>\n<h5>14. Caroline Maniaque &#8211; Christine Mengin &#8211; Val\u00e9ry Didelon<\/h5>\n<p><\/div><\/div>[\/vc_column_inner][\/vc_row_inner][vc_row_inner equal_height=\u00a0\u00bbyes\u00a0\u00bb content_placement=\u00a0\u00bbmiddle\u00a0\u00bb][vc_column_inner width=\u00a0\u00bb1\/2&Prime;][vc_video link=\u00a0\u00bbhttps:\/\/vimeo.com\/1139293339?fl=ml&amp;fe=ec\u00a0\u00bb el_aspect=\u00a0\u00bb43&Prime; css=\u00a0\u00bb\u00a0\u00bb]<div id=\"ultimate-heading-29169d125d584bde\" class=\"uvc-heading ult-adjust-bottom-margin ultimate-heading-29169d125d584bde uvc-1875  uvc-heading-default-font-sizes\" data-hspacer=\"line_only\"  data-halign=\"left\" style=\"text-align:left\"><div class=\"uvc-heading-spacer line_only\" style=\"margin-bottom:8px;height:4px;\"><span class=\"uvc-headings-line\" style=\"border-style:solid;border-bottom-width:4px;border-color:#7057E0;width:30px;\"><\/span><\/div><div class=\"uvc-sub-heading ult-responsive\"  data-ultimate-target='.uvc-heading.ultimate-heading-29169d125d584bde .uvc-sub-heading '  data-responsive-json-new='{\"font-size\":\"\",\"line-height\":\"\"}'  style=\"font-weight:normal;margin-bottom:20%;\"><\/p>\n<h5>15. Eric Monin &#8211; Bernard Marrey &#8211; Marc B\u00e9darida<\/h5>\n<p><\/div><\/div>[\/vc_column_inner][vc_column_inner width=\u00a0\u00bb1\/2&Prime;][vc_video link=\u00a0\u00bbhttps:\/\/vimeo.com\/1139293824?fl=ml&amp;fe=ec\u00a0\u00bb el_aspect=\u00a0\u00bb43&Prime; css=\u00a0\u00bb\u00a0\u00bb]<div id=\"ultimate-heading-323469d125d584bff\" class=\"uvc-heading ult-adjust-bottom-margin ultimate-heading-323469d125d584bff uvc-7956  uvc-heading-default-font-sizes\" data-hspacer=\"line_only\"  data-halign=\"left\" style=\"text-align:left\"><div class=\"uvc-heading-spacer line_only\" style=\"margin-bottom:8px;height:4px;\"><span class=\"uvc-headings-line\" style=\"border-style:solid;border-bottom-width:4px;border-color:#7057E0;width:30px;\"><\/span><\/div><div class=\"uvc-sub-heading ult-responsive\"  data-ultimate-target='.uvc-heading.ultimate-heading-323469d125d584bff .uvc-sub-heading '  data-responsive-json-new='{\"font-size\":\"\",\"line-height\":\"\"}'  style=\"font-weight:normal;margin-bottom:20%;\"><\/p>\n<h5>16. Bertrand Lemoine &#8211; Paul Smith &#8211; Maurice Culot<\/h5>\n<p><\/div><\/div>[\/vc_column_inner][\/vc_row_inner][\/vc_column][\/vc_row][vc_row full_width=\u00a0\u00bbstretch_row\u00a0\u00bb content_placement=\u00a0\u00bbmiddle\u00a0\u00bb bg_type=\u00a0\u00bbbg_color\u00a0\u00bb enable_overlay=\u00a0\u00bbenable_overlay_value\u00a0\u00bb overlay_color=\u00a0\u00bb#7057E0&Prime; overlay_pattern=\u00a0\u00bb08.png\u00a0\u00bb seperator_enable=\u00a0\u00bbseperator_enable_value\u00a0\u00bb seperator_type=\u00a0\u00bbxlarge_triangle_right_seperator\u00a0\u00bb seperator_svg_height=\u00a0\u00bb150&Prime; seperator_shape_background=\u00a0\u00bb#00000085&Prime; css=\u00a0\u00bb.vc_custom_1773744849738{padding-top: 80px !important;padding-bottom: 30px !important;background-color: rgba(0,0,0,0.04) !important;*background-color: rgb(0,0,0) !important;}\u00a0\u00bb bg_color_value=\u00a0\u00bb#7057E0&Prime;][vc_column offset=\u00a0\u00bbvc_col-lg-4 vc_col-md-12&Prime; css=\u00a0\u00bb.vc_custom_1575378589868{padding-bottom: 20px !important;}\u00a0\u00bb]<div id=\"ultimate-heading-556769d125d584c17\" class=\"uvc-heading ult-adjust-bottom-margin ultimate-heading-556769d125d584c17 uvc-7890  uvc-heading-default-font-sizes\" data-hspacer=\"no_spacer\"  data-halign=\"center\" style=\"text-align:center\"><div class=\"uvc-heading-spacer no_spacer\" style=\"top\"><\/div><\/div>[\/vc_column][vc_column offset=\u00a0\u00bbvc_col-lg-4 vc_col-md-12&Prime; css=\u00a0\u00bb.vc_custom_1575378595138{padding-bottom: 20px !important;}\u00a0\u00bb][vc_single_image image=\u00a0\u00bb57475&Prime; img_size=\u00a0\u00bbmedium\u00a0\u00bb alignment=\u00a0\u00bbcenter\u00a0\u00bb css=\u00a0\u00bb\u00a0\u00bb][\/vc_column][vc_column offset=\u00a0\u00bbvc_col-lg-4 vc_col-md-12 vc_col-xs-12&Prime; css=\u00a0\u00bb.vc_custom_1575378844390{padding-bottom: 20px !important;}\u00a0\u00bb]<div id=\"ultimate-heading-367869d125d584c2d\" class=\"uvc-heading ult-adjust-bottom-margin ultimate-heading-367869d125d584c2d uvc-6635  uvc-heading-default-font-sizes\" data-hspacer=\"no_spacer\"  data-halign=\"center\" style=\"text-align:center\"><div class=\"uvc-heading-spacer no_spacer\" style=\"top\"><\/div><\/div>[\/vc_column][\/vc_row]<\/p>\n<\/div>","protected":false},"excerpt":{"rendered":"<p>[vc_row full_width=\u00a0\u00bbstretch_row\u00a0\u00bb css_animation=\u00a0\u00bbfadeIn\u00a0\u00bb bg_type=\u00a0\u00bbbg_color\u00a0\u00bb enable_overlay=\u00a0\u00bbenable_overlay_value\u00a0\u00bb overlay_pattern=\u00a0\u00bb08.png\u00a0\u00bb overlay_pattern_opacity=\u00a0\u00bb20&Prime; bg_color_value=\u00a0\u00bb#FFFFFF\u00a0\u00bb css=\u00a0\u00bb.vc_custom_1774367225133{padding-top: 100px !important;}\u00a0\u00bb][vc_column offset=\u00a0\u00bbvc_col-lg-offset-0 vc_col-lg-12 vc_col-md-offset-0 vc_col-md-12 vc_col-sm-offset-0 vc_col-xs-12&Prime; css=\u00a0\u00bb.vc_custom_1766593599048{padding-bottom: 30px !important;}\u00a0\u00bb][vc_row_inner][vc_column_inner width=\u00a0\u00bb1\/2&Prime; css=\u00a0\u00bb.vc_custom_1773157739143{margin-bottom: 25px !important;border-right-width: 3px !important;padding-top: 30px !important;padding-bottom: 30px !important;border-right-style: solid !important;border-color: #7057E0 !important;}\u00a0\u00bb offset=\u00a0\u00bbvc_col-lg-offset-0 vc_col-md-offset-0 vc_col-sm-offset-0 vc_col-xs-6&Prime;][\/vc_column_inner][\/vc_row_inner][vc_row_inner equal_height=\u00a0\u00bbyes\u00a0\u00bb content_placement=\u00a0\u00bbmiddle\u00a0\u00bb css=\u00a0\u00bb.vc_custom_1773743835483{padding-top: 70px !important;}\u00a0\u00bb][vc_column_inner width=\u00a0\u00bb1\/2&Prime;][vc_video link=\u00a0\u00bbhttps:\/\/vimeo.com\/1139265284?fl=ml&amp;fe=ec\u00a0\u00bb el_aspect=\u00a0\u00bb43&Prime; align=\u00a0\u00bbcenter\u00a0\u00bb css=\u00a0\u00bb\u00a0\u00bb][\/vc_column_inner][vc_column_inner width=\u00a0\u00bb1\/2&Prime;][vc_video link=\u00a0\u00bbhttps:\/\/vimeo.com\/1139267129?fl=ml&amp;fe=ec\u00a0\u00bb el_aspect=\u00a0\u00bb43&Prime; align=\u00a0\u00bbcenter\u00a0\u00bb css=\u00a0\u00bb\u00a0\u00bb][\/vc_column_inner][\/vc_row_inner][vc_row_inner equal_height=\u00a0\u00bbyes\u00a0\u00bb content_placement=\u00a0\u00bbmiddle\u00a0\u00bb][vc_column_inner&hellip;<\/p>\n","protected":false},"author":1,"featured_media":0,"parent":0,"menu_order":0,"comment_status":"closed","ping_status":"closed","template":"","meta":{"footnotes":""},"class_list":["post-57492","page","type-page","status-publish","hentry","description-off"],"_links":{"self":[{"href":"https:\/\/vocarchi.fr\/index.php\/wp-json\/wp\/v2\/pages\/57492","targetHints":{"allow":["GET"]}}],"collection":[{"href":"https:\/\/vocarchi.fr\/index.php\/wp-json\/wp\/v2\/pages"}],"about":[{"href":"https:\/\/vocarchi.fr\/index.php\/wp-json\/wp\/v2\/types\/page"}],"author":[{"embeddable":true,"href":"https:\/\/vocarchi.fr\/index.php\/wp-json\/wp\/v2\/users\/1"}],"replies":[{"embeddable":true,"href":"https:\/\/vocarchi.fr\/index.php\/wp-json\/wp\/v2\/comments?post=57492"}],"version-history":[{"count":86,"href":"https:\/\/vocarchi.fr\/index.php\/wp-json\/wp\/v2\/pages\/57492\/revisions"}],"predecessor-version":[{"id":57780,"href":"https:\/\/vocarchi.fr\/index.php\/wp-json\/wp\/v2\/pages\/57492\/revisions\/57780"}],"wp:attachment":[{"href":"https:\/\/vocarchi.fr\/index.php\/wp-json\/wp\/v2\/media?parent=57492"}],"curies":[{"name":"wp","href":"https:\/\/api.w.org\/{rel}","templated":true}]}}