{"id":3631,"date":"2019-12-09T13:53:44","date_gmt":"2019-12-09T13:53:44","guid":{"rendered":"https:\/\/vocarchi.fr\/index.php\/services\/consulting\/"},"modified":"2026-03-25T17:03:29","modified_gmt":"2026-03-25T16:03:29","slug":"mentions_legales","status":"publish","type":"page","link":"https:\/\/vocarchi.fr\/index.php\/mentions_legales\/","title":{"rendered":"Mentions l\u00e9gales"},"content":{"rendered":"<div class=\"wpb-content-wrapper\"><p>[vc_row full_width=\u00a0\u00bbstretch_row\u00a0\u00bb bg_type=\u00a0\u00bbbg_color\u00a0\u00bb enable_overlay=\u00a0\u00bbenable_overlay_value\u00a0\u00bb overlay_pattern=\u00a0\u00bb08.png\u00a0\u00bb overlay_pattern_opacity=\u00a0\u00bb20&Prime; css=\u00a0\u00bb.vc_custom_1774452646031{padding-top: 80px !important;padding-bottom: 30px !important;}\u00a0\u00bb bg_color_value=\u00a0\u00bb#FFFFFF\u00a0\u00bb][vc_column offset=\u00a0\u00bbvc_col-lg-offset-0 vc_col-lg-12 vc_col-md-offset-0 vc_col-md-12 vc_col-sm-offset-0 vc_col-xs-12&Prime; css=\u00a0\u00bb.vc_custom_1774448938590{padding-top: 80px !important;padding-bottom: 30px !important;}\u00a0\u00bb][vc_row_inner][vc_column_inner width=\u00a0\u00bb1\/2&Prime; css=\u00a0\u00bb.vc_custom_1774448844180{margin-bottom: 45px !important;border-right-width: 3px !important;padding-top: 30px !important;padding-bottom: 30px !important;border-right-style: solid !important;border-color: #7057E0 !important;}\u00a0\u00bb offset=\u00a0\u00bbvc_col-lg-offset-0 vc_col-md-offset-0 vc_col-sm-offset-0 vc_col-xs-6&Prime;][\/vc_column_inner][\/vc_row_inner]<div id=\"ultimate-heading-637769d1269347a10\" class=\"uvc-heading ult-adjust-bottom-margin ultimate-heading-637769d1269347a10 uvc-3914 \" data-hspacer=\"no_spacer\"  data-halign=\"center\" style=\"text-align:center\"><div class=\"uvc-heading-spacer no_spacer\" style=\"top\"><\/div><div class=\"uvc-main-heading ult-responsive\"  data-ultimate-target='.uvc-heading.ultimate-heading-637769d1269347a10 h2'  data-responsive-json-new='{\"font-size\":\"desktop:50px;\",\"line-height\":\"desktop:60px;\"}' ><h2 style=\"font-weight:bold;margin-bottom:10px;\">Mentions l\u00e9gales<\/h2><\/div><div class=\"uvc-sub-heading ult-responsive\"  data-ultimate-target='.uvc-heading.ultimate-heading-637769d1269347a10 .uvc-sub-heading '  data-responsive-json-new='{\"font-size\":\"\",\"line-height\":\"\"}'  style=\"font-weight:normal;color:#7057E0;\">En vigueur au\u00a0<span id=\"date-courante\">25 mars 2026<\/span><\/div><\/div>[vc_row_inner css=\u00a0\u00bb.vc_custom_1774450604643{padding-top: 80px !important;}\u00a0\u00bb][vc_column_inner width=\u00a0\u00bb1\/6&Prime;][\/vc_column_inner][vc_column_inner width=\u00a0\u00bb2\/3&Prime; css=\u00a0\u00bb.vc_custom_1774450618818{padding-top: 30px !important;}\u00a0\u00bb]<div id=\"ultimate-heading-112069d1269347a60\" class=\"uvc-heading ult-adjust-bottom-margin ultimate-heading-112069d1269347a60 uvc-7378  uvc-heading-default-font-sizes\" data-hspacer=\"line_only\"  data-halign=\"left\" style=\"text-align:left\"><div class=\"uvc-main-heading ult-responsive\"  data-ultimate-target='.uvc-heading.ultimate-heading-112069d1269347a60 h2'  data-responsive-json-new='{\"font-size\":\"\",\"line-height\":\"\"}' ><h2 style=\"--font-weight:theme;\">1. \u00c9diteur du site<\/h2><\/div><div class=\"uvc-heading-spacer line_only\" style=\"margin-top:10px;margin-bottom:25px;height:2px;\"><span class=\"uvc-headings-line\" style=\"border-style:solid;border-bottom-width:2px;border-color:#7057E0;width:50px;\"><\/span><\/div><div class=\"uvc-sub-heading ult-responsive\"  data-ultimate-target='.uvc-heading.ultimate-heading-112069d1269347a60 .uvc-sub-heading '  data-responsive-json-new='{\"font-size\":\"\",\"line-height\":\"\"}'  style=\"font-weight:normal;margin-top:30px;\">Conform\u00e9ment \u00e0 l&rsquo;article 6 de la loi n\u00b0 2004-575 du 21 juin 2004 pour la confiance dans l&rsquo;\u00e9conomie num\u00e9rique (LCEN), le pr\u00e9sent site est \u00e9dit\u00e9 par :<\/p>\n<p><strong>Nom : <\/strong>\u00c9ric Lengereau<\/p>\n<p><strong>Qualit\u00e9 : <\/strong>Personne physique<\/p>\n<p><strong>E-mail : <\/strong><span class=\"placeholder\">[Adresse e-mail de contact \u00e0 compl\u00e9ter]<\/span><\/div><\/div>[\/vc_column_inner][vc_column_inner width=\u00a0\u00bb1\/6&Prime;][\/vc_column_inner][\/vc_row_inner][vc_row_inner][vc_column_inner css=\u00a0\u00bb.vc_custom_1774451428314{padding-top: 30px !important;}\u00a0\u00bb][vc_separator color=\u00a0\u00bbcustom\u00a0\u00bb el_width=\u00a0\u00bb70&Prime; css=\u00a0\u00bb.vc_custom_1774451492680{padding-top: 30px !important;}\u00a0\u00bb accent_color=\u00a0\u00bb#7057E0&Prime;][\/vc_column_inner][\/vc_row_inner][vc_row_inner][vc_column_inner width=\u00a0\u00bb1\/6&Prime;][\/vc_column_inner][vc_column_inner width=\u00a0\u00bb2\/3&Prime; css=\u00a0\u00bb.vc_custom_1774450618818{padding-top: 30px !important;}\u00a0\u00bb]<div id=\"ultimate-heading-419969d1269347a9c\" class=\"uvc-heading ult-adjust-bottom-margin ultimate-heading-419969d1269347a9c uvc-644  uvc-heading-default-font-sizes\" data-hspacer=\"line_only\"  data-halign=\"left\" style=\"text-align:left\"><div class=\"uvc-main-heading ult-responsive\"  data-ultimate-target='.uvc-heading.ultimate-heading-419969d1269347a9c h2'  data-responsive-json-new='{\"font-size\":\"\",\"line-height\":\"\"}' ><h2 style=\"--font-weight:theme;\">2. Directeur de la publication<\/h2><\/div><div class=\"uvc-heading-spacer line_only\" style=\"margin-top:10px;margin-bottom:25px;height:2px;\"><span class=\"uvc-headings-line\" style=\"border-style:solid;border-bottom-width:2px;border-color:#7057E0;width:50px;\"><\/span><\/div><div class=\"uvc-sub-heading ult-responsive\"  data-ultimate-target='.uvc-heading.ultimate-heading-419969d1269347a9c .uvc-sub-heading '  data-responsive-json-new='{\"font-size\":\"\",\"line-height\":\"\"}'  style=\"font-weight:normal;margin-top:30px;\">Le directeur de la publication du site vocarchi.fr est \u00c9ric Lengereau.<\/div><\/div>[\/vc_column_inner][vc_column_inner width=\u00a0\u00bb1\/6&Prime;][\/vc_column_inner][\/vc_row_inner][vc_row_inner][vc_column_inner css=\u00a0\u00bb.vc_custom_1774451428314{padding-top: 30px !important;}\u00a0\u00bb][vc_separator color=\u00a0\u00bbcustom\u00a0\u00bb el_width=\u00a0\u00bb70&Prime; css=\u00a0\u00bb.vc_custom_1774451492680{padding-top: 30px !important;}\u00a0\u00bb accent_color=\u00a0\u00bb#7057E0&Prime;][\/vc_column_inner][\/vc_row_inner][vc_row_inner][vc_column_inner width=\u00a0\u00bb1\/6&Prime;][\/vc_column_inner][vc_column_inner width=\u00a0\u00bb2\/3&Prime; css=\u00a0\u00bb.vc_custom_1774450618818{padding-top: 30px !important;}\u00a0\u00bb]<div id=\"ultimate-heading-149569d1269347abf\" class=\"uvc-heading ult-adjust-bottom-margin ultimate-heading-149569d1269347abf uvc-8124  uvc-heading-default-font-sizes\" data-hspacer=\"line_only\"  data-halign=\"left\" style=\"text-align:left\"><div class=\"uvc-main-heading ult-responsive\"  data-ultimate-target='.uvc-heading.ultimate-heading-149569d1269347abf h2'  data-responsive-json-new='{\"font-size\":\"\",\"line-height\":\"\"}' ><h2 style=\"--font-weight:theme;\">3. H\u00e9bergement<\/h2><\/div><div class=\"uvc-heading-spacer line_only\" style=\"margin-top:10px;margin-bottom:25px;height:2px;\"><span class=\"uvc-headings-line\" style=\"border-style:solid;border-bottom-width:2px;border-color:#7057E0;width:50px;\"><\/span><\/div><div class=\"uvc-sub-heading ult-responsive\"  data-ultimate-target='.uvc-heading.ultimate-heading-149569d1269347abf .uvc-sub-heading '  data-responsive-json-new='{\"font-size\":\"\",\"line-height\":\"\"}'  style=\"font-weight:normal;margin-top:30px;\">Le site est h\u00e9berg\u00e9 par :<\/p>\n<p><strong>Soci\u00e9t\u00e9 : <\/strong>OVH SAS<\/p>\n<p><strong>Si\u00e8ge social : <\/strong>2 rue Kellermann \u2013 59100 Roubaix \u2013 France<\/p>\n<p><strong>T\u00e9l\u00e9phone : <\/strong>007<\/p>\n<p><strong>Site web :\u00a0<\/strong><a href=\"https:\/\/www.ovhcloud.com\" target=\"_blank\" rel=\"noopener\">www.ovhcloud.com<\/a><\/div><\/div>[\/vc_column_inner][vc_column_inner width=\u00a0\u00bb1\/6&Prime;][\/vc_column_inner][\/vc_row_inner][vc_row_inner][vc_column_inner css=\u00a0\u00bb.vc_custom_1774451428314{padding-top: 30px !important;}\u00a0\u00bb][vc_separator color=\u00a0\u00bbcustom\u00a0\u00bb el_width=\u00a0\u00bb70&Prime; css=\u00a0\u00bb.vc_custom_1774451492680{padding-top: 30px !important;}\u00a0\u00bb accent_color=\u00a0\u00bb#7057E0&Prime;][\/vc_column_inner][\/vc_row_inner][vc_row_inner][vc_column_inner width=\u00a0\u00bb1\/6&Prime;][\/vc_column_inner][vc_column_inner width=\u00a0\u00bb2\/3&Prime; css=\u00a0\u00bb.vc_custom_1774450618818{padding-top: 30px !important;}\u00a0\u00bb]<div id=\"ultimate-heading-236069d1269347add\" class=\"uvc-heading ult-adjust-bottom-margin ultimate-heading-236069d1269347add uvc-6871  uvc-heading-default-font-sizes\" data-hspacer=\"line_only\"  data-halign=\"left\" style=\"text-align:left\"><div class=\"uvc-main-heading ult-responsive\"  data-ultimate-target='.uvc-heading.ultimate-heading-236069d1269347add h2'  data-responsive-json-new='{\"font-size\":\"\",\"line-height\":\"\"}' ><h2 style=\"--font-weight:theme;\">4. Propri\u00e9t\u00e9 intellectuelle<\/h2><\/div><div class=\"uvc-heading-spacer line_only\" style=\"margin-top:10px;margin-bottom:25px;height:2px;\"><span class=\"uvc-headings-line\" style=\"border-style:solid;border-bottom-width:2px;border-color:#7057E0;width:50px;\"><\/span><\/div><div class=\"uvc-sub-heading ult-responsive\"  data-ultimate-target='.uvc-heading.ultimate-heading-236069d1269347add .uvc-sub-heading '  data-responsive-json-new='{\"font-size\":\"\",\"line-height\":\"\"}'  style=\"font-weight:normal;margin-top:30px;\">L&rsquo;ensemble des contenus pr\u00e9sents sur le site vocarchi.fr \u2014 textes, documents de recherche, photographies, graphismes, logo et structure du site \u2014 est la propri\u00e9t\u00e9 exclusive d&rsquo;\u00c9ric Lengereau ou de leurs auteurs respectifs, et est prot\u00e9g\u00e9 par les lois fran\u00e7aises et internationales relatives au droit d&rsquo;auteur et \u00e0 la propri\u00e9t\u00e9 intellectuelle.<\/p>\n<p>Toute reproduction, repr\u00e9sentation, modification, publication, adaptation ou exploitation, totale ou partielle, de ces \u00e9l\u00e9ments est interdite sans l&rsquo;autorisation \u00e9crite pr\u00e9alable d&rsquo;\u00c9ric Lengereau, sauf dans les cas express\u00e9ment autoris\u00e9s par la loi.<\/p>\n<p>Le \u00ab Vocabulaire de l&rsquo;architecture contemporaine \u00bb \u00e9tant un dispositif de recherche con\u00e7u dans le cadre d&rsquo;une politique publique du minist\u00e8re de la Culture et de la Communication, les droits aff\u00e9rents aux contenus produits dans ce cadre restent soumis aux r\u00e8gles sp\u00e9cifiques applicables aux productions publiques.<\/div><\/div>[\/vc_column_inner][vc_column_inner width=\u00a0\u00bb1\/6&Prime;][\/vc_column_inner][\/vc_row_inner][vc_row_inner][vc_column_inner css=\u00a0\u00bb.vc_custom_1774451428314{padding-top: 30px !important;}\u00a0\u00bb][vc_separator color=\u00a0\u00bbcustom\u00a0\u00bb el_width=\u00a0\u00bb70&Prime; css=\u00a0\u00bb.vc_custom_1774451492680{padding-top: 30px !important;}\u00a0\u00bb accent_color=\u00a0\u00bb#7057E0&Prime;][\/vc_column_inner][\/vc_row_inner][vc_row_inner][vc_column_inner width=\u00a0\u00bb1\/6&Prime;][\/vc_column_inner][vc_column_inner width=\u00a0\u00bb2\/3&Prime; css=\u00a0\u00bb.vc_custom_1774450618818{padding-top: 30px !important;}\u00a0\u00bb]<div id=\"ultimate-heading-279169d1269347afb\" class=\"uvc-heading ult-adjust-bottom-margin ultimate-heading-279169d1269347afb uvc-1556  uvc-heading-default-font-sizes\" data-hspacer=\"line_only\"  data-halign=\"left\" style=\"text-align:left\"><div class=\"uvc-main-heading ult-responsive\"  data-ultimate-target='.uvc-heading.ultimate-heading-279169d1269347afb h2'  data-responsive-json-new='{\"font-size\":\"\",\"line-height\":\"\"}' ><h2 style=\"--font-weight:theme;\">5. Contenus vid\u00e9o h\u00e9berg\u00e9s par des tiers<\/h2><\/div><div class=\"uvc-heading-spacer line_only\" style=\"margin-top:10px;margin-bottom:25px;height:2px;\"><span class=\"uvc-headings-line\" style=\"border-style:solid;border-bottom-width:2px;border-color:#7057E0;width:50px;\"><\/span><\/div><div class=\"uvc-sub-heading ult-responsive\"  data-ultimate-target='.uvc-heading.ultimate-heading-279169d1269347afb .uvc-sub-heading '  data-responsive-json-new='{\"font-size\":\"\",\"line-height\":\"\"}'  style=\"font-weight:normal;margin-top:30px;\">Les vid\u00e9os accessibles depuis ce site sont h\u00e9berg\u00e9es sur des plateformes tierces (YouTube, Vimeo ou similaires). Vocarchi.fr n&rsquo;exerce aucun contr\u00f4le sur ces plateformes et d\u00e9cline toute responsabilit\u00e9 quant \u00e0 leur disponibilit\u00e9, \u00e0 leurs conditions d&rsquo;utilisation ou aux donn\u00e9es qu&rsquo;elles collectent de mani\u00e8re autonome.<\/p>\n<p>La consultation de ces vid\u00e9os est soumise aux conditions g\u00e9n\u00e9rales et \u00e0 la politique de confidentialit\u00e9 propres \u00e0 chaque plateforme concern\u00e9e.<\/div><\/div>[\/vc_column_inner][vc_column_inner width=\u00a0\u00bb1\/6&Prime;][\/vc_column_inner][\/vc_row_inner][vc_row_inner][vc_column_inner css=\u00a0\u00bb.vc_custom_1774451428314{padding-top: 30px !important;}\u00a0\u00bb][vc_separator color=\u00a0\u00bbcustom\u00a0\u00bb el_width=\u00a0\u00bb70&Prime; css=\u00a0\u00bb.vc_custom_1774451492680{padding-top: 30px !important;}\u00a0\u00bb accent_color=\u00a0\u00bb#7057E0&Prime;][\/vc_column_inner][\/vc_row_inner][vc_row_inner][vc_column_inner width=\u00a0\u00bb1\/6&Prime;][\/vc_column_inner][vc_column_inner width=\u00a0\u00bb2\/3&Prime; css=\u00a0\u00bb.vc_custom_1774450618818{padding-top: 30px !important;}\u00a0\u00bb]<div id=\"ultimate-heading-127869d1269347b17\" class=\"uvc-heading ult-adjust-bottom-margin ultimate-heading-127869d1269347b17 uvc-3539  uvc-heading-default-font-sizes\" data-hspacer=\"line_only\"  data-halign=\"left\" style=\"text-align:left\"><div class=\"uvc-main-heading ult-responsive\"  data-ultimate-target='.uvc-heading.ultimate-heading-127869d1269347b17 h2'  data-responsive-json-new='{\"font-size\":\"\",\"line-height\":\"\"}' ><h2 style=\"--font-weight:theme;\">6. Limitation de responsabilit\u00e9<\/h2><\/div><div class=\"uvc-heading-spacer line_only\" style=\"margin-top:10px;margin-bottom:25px;height:2px;\"><span class=\"uvc-headings-line\" style=\"border-style:solid;border-bottom-width:2px;border-color:#7057E0;width:50px;\"><\/span><\/div><div class=\"uvc-sub-heading ult-responsive\"  data-ultimate-target='.uvc-heading.ultimate-heading-127869d1269347b17 .uvc-sub-heading '  data-responsive-json-new='{\"font-size\":\"\",\"line-height\":\"\"}'  style=\"font-weight:normal;margin-top:30px;\">\u00c9ric Lengereau s&rsquo;efforce d&rsquo;assurer l&rsquo;exactitude et la mise \u00e0 jour des informations diffus\u00e9es sur ce site. Toutefois, il ne peut garantir l&rsquo;exactitude, la compl\u00e9tude ou l&rsquo;actualit\u00e9 des informations publi\u00e9es.<\/p>\n<p>En cons\u00e9quence, \u00c9ric Lengereau d\u00e9cline toute responsabilit\u00e9 pour tout dommage r\u00e9sultant directement ou indirectement de l&rsquo;utilisation du site, de l&rsquo;impossibilit\u00e9 d&rsquo;y acc\u00e9der, ou de la confiance accord\u00e9e \u00e0 l&rsquo;une quelconque des informations qu&rsquo;il contient.<\/p>\n<p>Des liens hypertextes vers des sites ext\u00e9rieurs peuvent \u00eatre pr\u00e9sents sur vocarchi.fr. Ces liens sont propos\u00e9s \u00e0 titre informatif. \u00c9ric Lengereau n&rsquo;est pas responsable du contenu de ces sites tiers et ne saurait \u00eatre tenu pour responsable des dommages r\u00e9sultant de leur consultation.<\/div><\/div>[\/vc_column_inner][vc_column_inner width=\u00a0\u00bb1\/6&Prime;][\/vc_column_inner][\/vc_row_inner][vc_row_inner][vc_column_inner css=\u00a0\u00bb.vc_custom_1774451428314{padding-top: 30px !important;}\u00a0\u00bb][vc_separator color=\u00a0\u00bbcustom\u00a0\u00bb el_width=\u00a0\u00bb70&Prime; css=\u00a0\u00bb.vc_custom_1774451492680{padding-top: 30px !important;}\u00a0\u00bb accent_color=\u00a0\u00bb#7057E0&Prime;][\/vc_column_inner][\/vc_row_inner][vc_row_inner][vc_column_inner width=\u00a0\u00bb1\/6&Prime;][\/vc_column_inner][vc_column_inner width=\u00a0\u00bb2\/3&Prime; css=\u00a0\u00bb.vc_custom_1774450618818{padding-top: 30px !important;}\u00a0\u00bb]<div id=\"ultimate-heading-278669d1269347b35\" class=\"uvc-heading ult-adjust-bottom-margin ultimate-heading-278669d1269347b35 uvc-1149  uvc-heading-default-font-sizes\" data-hspacer=\"line_only\"  data-halign=\"left\" style=\"text-align:left\"><div class=\"uvc-main-heading ult-responsive\"  data-ultimate-target='.uvc-heading.ultimate-heading-278669d1269347b35 h2'  data-responsive-json-new='{\"font-size\":\"\",\"line-height\":\"\"}' ><h2 style=\"--font-weight:theme;\">7. Droit applicable et juridiction comp\u00e9tente<\/h2><\/div><div class=\"uvc-heading-spacer line_only\" style=\"margin-top:10px;margin-bottom:25px;height:2px;\"><span class=\"uvc-headings-line\" style=\"border-style:solid;border-bottom-width:2px;border-color:#7057E0;width:50px;\"><\/span><\/div><div class=\"uvc-sub-heading ult-responsive\"  data-ultimate-target='.uvc-heading.ultimate-heading-278669d1269347b35 .uvc-sub-heading '  data-responsive-json-new='{\"font-size\":\"\",\"line-height\":\"\"}'  style=\"font-weight:normal;margin-top:30px;\">Les pr\u00e9sentes mentions l\u00e9gales sont soumises au droit fran\u00e7ais. En cas de litige relatif \u00e0 l&rsquo;interpr\u00e9tation ou \u00e0 l&rsquo;ex\u00e9cution des pr\u00e9sentes, et \u00e0 d\u00e9faut d&rsquo;accord amiable, les tribunaux fran\u00e7ais seront seuls comp\u00e9tents.<\/div><\/div>[\/vc_column_inner][vc_column_inner width=\u00a0\u00bb1\/6&Prime;][\/vc_column_inner][\/vc_row_inner][vc_row_inner][vc_column_inner css=\u00a0\u00bb.vc_custom_1774451428314{padding-top: 30px !important;}\u00a0\u00bb][vc_separator color=\u00a0\u00bbcustom\u00a0\u00bb el_width=\u00a0\u00bb70&Prime; css=\u00a0\u00bb.vc_custom_1774451492680{padding-top: 30px !important;}\u00a0\u00bb accent_color=\u00a0\u00bb#7057E0&Prime;][\/vc_column_inner][\/vc_row_inner][vc_row_inner][vc_column_inner width=\u00a0\u00bb1\/6&Prime;][\/vc_column_inner][vc_column_inner width=\u00a0\u00bb2\/3&Prime; css=\u00a0\u00bb.vc_custom_1774450618818{padding-top: 30px !important;}\u00a0\u00bb]<div id=\"ultimate-heading-861269d1269347b53\" class=\"uvc-heading ult-adjust-bottom-margin ultimate-heading-861269d1269347b53 uvc-7048  uvc-heading-default-font-sizes\" data-hspacer=\"line_only\"  data-halign=\"left\" style=\"text-align:left\"><div class=\"uvc-main-heading ult-responsive\"  data-ultimate-target='.uvc-heading.ultimate-heading-861269d1269347b53 h2'  data-responsive-json-new='{\"font-size\":\"\",\"line-height\":\"\"}' ><h2 style=\"--font-weight:theme;\">8. Contact<\/h2><\/div><div class=\"uvc-heading-spacer line_only\" style=\"margin-top:10px;margin-bottom:25px;height:2px;\"><span class=\"uvc-headings-line\" style=\"border-style:solid;border-bottom-width:2px;border-color:#7057E0;width:50px;\"><\/span><\/div><div class=\"uvc-sub-heading ult-responsive\"  data-ultimate-target='.uvc-heading.ultimate-heading-861269d1269347b53 .uvc-sub-heading '  data-responsive-json-new='{\"font-size\":\"\",\"line-height\":\"\"}'  style=\"font-weight:normal;margin-top:30px;\">Pour toute question relative aux pr\u00e9sentes mentions l\u00e9gales ou au contenu du site, vous pouvez contacter \u00c9ric Lengereau \u00e0 l&rsquo;adresse suivante :<\/p>\n<p><strong>E-mail : <\/strong><span class=\"placeholder\">[Adresse e-mail de contact \u00e0 compl\u00e9ter]<\/span><\/div><\/div>[\/vc_column_inner][vc_column_inner width=\u00a0\u00bb1\/6&Prime;][\/vc_column_inner][\/vc_row_inner][\/vc_column][\/vc_row][vc_row full_width=\u00a0\u00bbstretch_row\u00a0\u00bb bg_type=\u00a0\u00bbbg_color\u00a0\u00bb enable_overlay=\u00a0\u00bbenable_overlay_value\u00a0\u00bb overlay_pattern=\u00a0\u00bb08.png\u00a0\u00bb seperator_enable=\u00a0\u00bbseperator_enable_value\u00a0\u00bb seperator_type=\u00a0\u00bbxlarge_triangle_right_seperator\u00a0\u00bb seperator_svg_height=\u00a0\u00bb150&Prime; seperator_shape_background=\u00a0\u00bb#00000085&Prime; css=\u00a0\u00bb.vc_custom_1774453072550{padding-top: 80px !important;padding-bottom: 30px !important;}\u00a0\u00bb bg_color_value=\u00a0\u00bb#7057E0&Prime;][vc_column width=\u00a0\u00bb1\/6&Prime;][\/vc_column][vc_column width=\u00a0\u00bb2\/3&Prime;][vc_single_image image=\u00a0\u00bb57475&Prime; img_size=\u00a0\u00bbmedium\u00a0\u00bb alignment=\u00a0\u00bbcenter\u00a0\u00bb css=\u00a0\u00bb\u00a0\u00bb][\/vc_column][vc_column width=\u00a0\u00bb1\/6&Prime;][\/vc_column][\/vc_row]<\/p>\n<\/div>","protected":false},"excerpt":{"rendered":"<p>[vc_row full_width=\u00a0\u00bbstretch_row\u00a0\u00bb bg_type=\u00a0\u00bbbg_color\u00a0\u00bb enable_overlay=\u00a0\u00bbenable_overlay_value\u00a0\u00bb overlay_pattern=\u00a0\u00bb08.png\u00a0\u00bb overlay_pattern_opacity=\u00a0\u00bb20&Prime; css=\u00a0\u00bb.vc_custom_1774452646031{padding-top: 80px !important;padding-bottom: 30px !important;}\u00a0\u00bb bg_color_value=\u00a0\u00bb#FFFFFF\u00a0\u00bb][vc_column offset=\u00a0\u00bbvc_col-lg-offset-0 vc_col-lg-12 vc_col-md-offset-0 vc_col-md-12 vc_col-sm-offset-0 vc_col-xs-12&Prime; css=\u00a0\u00bb.vc_custom_1774448938590{padding-top: 80px !important;padding-bottom: 30px !important;}\u00a0\u00bb][vc_row_inner][vc_column_inner width=\u00a0\u00bb1\/2&Prime; css=\u00a0\u00bb.vc_custom_1774448844180{margin-bottom: 45px !important;border-right-width: 3px !important;padding-top: 30px !important;padding-bottom: 30px !important;border-right-style: solid !important;border-color: #7057E0 !important;}\u00a0\u00bb offset=\u00a0\u00bbvc_col-lg-offset-0 vc_col-md-offset-0 vc_col-sm-offset-0 vc_col-xs-6&Prime;][\/vc_column_inner][\/vc_row_inner][vc_row_inner css=\u00a0\u00bb.vc_custom_1774450604643{padding-top: 80px !important;}\u00a0\u00bb][vc_column_inner width=\u00a0\u00bb1\/6&Prime;][\/vc_column_inner][vc_column_inner width=\u00a0\u00bb2\/3&Prime; css=\u00a0\u00bb.vc_custom_1774450618818{padding-top: 30px !important;}\u00a0\u00bb][\/vc_column_inner][vc_column_inner width=\u00a0\u00bb1\/6&Prime;][\/vc_column_inner][\/vc_row_inner][vc_row_inner][vc_column_inner css=\u00a0\u00bb.vc_custom_1774451428314{padding-top: 30px !important;}\u00a0\u00bb][vc_separator color=\u00a0\u00bbcustom\u00a0\u00bb el_width=\u00a0\u00bb70&Prime;&hellip;<\/p>\n","protected":false},"author":1,"featured_media":0,"parent":0,"menu_order":60,"comment_status":"closed","ping_status":"closed","template":"","meta":{"footnotes":""},"class_list":["post-3631","page","type-page","status-publish","hentry","description-off"],"_links":{"self":[{"href":"https:\/\/vocarchi.fr\/index.php\/wp-json\/wp\/v2\/pages\/3631","targetHints":{"allow":["GET"]}}],"collection":[{"href":"https:\/\/vocarchi.fr\/index.php\/wp-json\/wp\/v2\/pages"}],"about":[{"href":"https:\/\/vocarchi.fr\/index.php\/wp-json\/wp\/v2\/types\/page"}],"author":[{"embeddable":true,"href":"https:\/\/vocarchi.fr\/index.php\/wp-json\/wp\/v2\/users\/1"}],"replies":[{"embeddable":true,"href":"https:\/\/vocarchi.fr\/index.php\/wp-json\/wp\/v2\/comments?post=3631"}],"version-history":[{"count":7,"href":"https:\/\/vocarchi.fr\/index.php\/wp-json\/wp\/v2\/pages\/3631\/revisions"}],"predecessor-version":[{"id":57769,"href":"https:\/\/vocarchi.fr\/index.php\/wp-json\/wp\/v2\/pages\/3631\/revisions\/57769"}],"wp:attachment":[{"href":"https:\/\/vocarchi.fr\/index.php\/wp-json\/wp\/v2\/media?parent=3631"}],"curies":[{"name":"wp","href":"https:\/\/api.w.org\/{rel}","templated":true}]}}