{"id":1479,"date":"2019-10-16T16:11:29","date_gmt":"2019-10-16T16:11:29","guid":{"rendered":"https:\/\/vocarchi.fr\/index.php\/about\/"},"modified":"2026-03-24T16:58:50","modified_gmt":"2026-03-24T15:58:50","slug":"avantpropos","status":"publish","type":"page","link":"https:\/\/vocarchi.fr\/index.php\/avantpropos\/","title":{"rendered":"INTRODUCTION"},"content":{"rendered":"<div class=\"wpb-content-wrapper\"><p>[vc_row full_width=\u00a0\u00bbstretch_row\u00a0\u00bb bg_type=\u00a0\u00bbbg_color\u00a0\u00bb bg_override=\u00a0\u00bbbrowser_size\u00a0\u00bb enable_overlay=\u00a0\u00bbenable_overlay_value\u00a0\u00bb overlay_pattern=\u00a0\u00bb08.png\u00a0\u00bb overlay_pattern_opacity=\u00a0\u00bb20&Prime; css=\u00a0\u00bb.vc_custom_1774367528547{margin-top: 0px !important;padding-top: 100px !important;padding-bottom: 150px !important;}\u00a0\u00bb bg_color_value=\u00a0\u00bb#FFFFFF\u00a0\u00bb][vc_column offset=\u00a0\u00bbvc_col-lg-offset-2 vc_col-lg-8 vc_col-md-offset-2 vc_col-md-8 vc_col-sm-offset-0 vc_col-xs-12&Prime; css=\u00a0\u00bb.vc_custom_1774367543993{padding-top: 60px !important;padding-bottom: 70px !important;}\u00a0\u00bb][vc_row_inner][vc_column_inner width=\u00a0\u00bb1\/2&Prime; css=\u00a0\u00bb.vc_custom_1774367616910{margin-bottom: 25px !important;border-right-width: 3px !important;padding-top: 30px !important;padding-bottom: 30px !important;border-right-style: solid !important;border-color: #7057E0 !important;}\u00a0\u00bb offset=\u00a0\u00bbvc_col-lg-offset-0 vc_col-md-offset-0 vc_col-sm-offset-0 vc_col-xs-6&Prime;][\/vc_column_inner][\/vc_row_inner]<div id=\"ultimate-heading-388969d12636a007b\" class=\"uvc-heading ult-adjust-bottom-margin ultimate-heading-388969d12636a007b uvc-3497 \" data-hspacer=\"no_spacer\"  data-halign=\"center\" style=\"text-align:center\"><div class=\"uvc-heading-spacer no_spacer\" style=\"top\"><\/div><div class=\"uvc-main-heading ult-responsive\"  data-ultimate-target='.uvc-heading.ultimate-heading-388969d12636a007b h2'  data-responsive-json-new='{\"font-size\":\"desktop:50px;\",\"line-height\":\"desktop:60px;\"}' ><h2 style=\"font-weight:bold;margin-bottom:10px;\">Introduction<\/h2><\/div><\/div>[\/vc_column][vc_column css_animation=\u00a0\u00bbfadeIn\u00a0\u00bb css=\u00a0\u00bb.vc_custom_1773076935241{padding-bottom: 60px !important;}\u00a0\u00bb][vc_column_text css_animation=\u00a0\u00bbfadeInUp\u00a0\u00bb css=\u00a0\u00bb\u00a0\u00bb]<\/p>\n<p align=\"justify\">Le chantier du \u00ab\u00a0Vocabulaire de l\u2019architecture contemporaine\u00a0\u00bb est un travail de recherche qui s\u2019est d\u00e9roul\u00e9 sur trois ans, du printemps 2010 au printemps 2013. Mais c\u2019est un chantier inachev\u00e9. Il a \u00e9t\u00e9 interrompu en cours de route pour de multiples raisons dont certaines peuvent \u00eatre ici d\u00e9crites. Et d\u2019autres pas.<\/p>\n<p align=\"justify\">Cela dit, la premi\u00e8re question que veut poser cet avant-propos est la suivante\u00a0: pourquoi d\u00e9cider de rendre publique la production visuelle de ces trois ans de travail\u00a0; pourquoi une douzaine d\u2019ann\u00e9es plus tard\u00a0; pourquoi aujourd\u2019hui seulement\u00a0? D\u2019abord parce que je consid\u00e8re que le temps a fait son \u0153uvre et que cette recherche publique au statut incertain, \u00e9labor\u00e9e \u00e0 l\u2019\u00e9poque dans un cadre minist\u00e9riel, est d\u00e9sormais pleinement entr\u00e9e dans le patrimoine de ma propri\u00e9t\u00e9 intellectuelle de chercheur. Ensuite parce que ces travaux ayant mobilis\u00e9 \u00e0 l\u2019\u00e9poque des deniers publics cons\u00e9quents, il m\u2019appara\u00eet tout naturel que leur restitution soit propos\u00e9e sous une forme ou sous une autre. Enfin parce que cette d\u00e9marche singuli\u00e8re ayant sollicit\u00e9 \u00e0 l\u2019\u00e9poque de multiples acteurs, il me semble n\u00e9cessaire de ne plus taire cette contribution collective qui est aujourd\u2019hui comme un pr\u00e9cieux mat\u00e9riau.<\/p>\n<p align=\"justify\">Si je r\u00e9p\u00e8te \u00ab\u00a0\u00e0 l\u2019\u00e9poque\u00a0\u00bb \u00e0 l\u2019envi, c\u2019est que le temps passe vite. Mais c\u2019est aussi qu\u2019il y a d\u00e9j\u00e0 longtemps que j\u2019attends, h\u00e9sitant, ne sachant pas comment passer \u00e0 l\u2019acte, c\u2019est-\u00e0-dire publier. C\u2019est-\u00e0-dire d\u00e9cider enfin que cette mati\u00e8re un peu orpheline m\u00e9rite d\u2019\u00eatre port\u00e9e \u00e0 connaissance. C\u2019est-\u00e0-dire consid\u00e9rer que ce s\u00e9minaire de recherche sur l\u2019\u00ab\u00a0Histoire de l\u2019architecture du temps pr\u00e9sent\u00a0\u00bb, avec ses quarante-huit contributions film\u00e9es, n\u2019est pas seulement le prologue \u00e0 l\u2019\u00e9criture du \u00ab\u00a0Vocabulaire de l\u2019architecture contemporaine\u00a0\u00bb, mais bien une production autonome digne d\u2019\u00eatre appr\u00e9ci\u00e9e pour ce qu\u2019elle est. Au cours de ces douze ann\u00e9es, l\u2019historien de l\u2019architecture que je suis n\u2019a pas cess\u00e9 de ressentir l\u2019inconfort moral de celui qui a sollicit\u00e9 ses coll\u00e8gues sans rien produire de tangible avec leurs contributions. Souvent, je me suis d\u00e9douan\u00e9 en pensant que c\u2019\u00e9tait dans un contexte particulier et que l\u2019administration est ainsi faite qu\u2019on n\u2019y peut pas grand-chose. Souvent, je me suis dit qu\u2019un chantier qui n\u2019est pas termin\u00e9 ne peut pas \u00eatre livr\u00e9 en morceaux, par petits bouts, en attendant une fin qui n\u2019arrive pas. J\u2019avais tort. J\u2019aurais d\u00fb prendre plus t\u00f4t l\u2019initiative personnelle de ce site Internet pour valoriser un objet volant non identifi\u00e9 qui, malgr\u00e9 tout, va vivre sa vie comme tous les mat\u00e9riaux collectifs de la recherche scientifique.<\/p>\n<p align=\"justify\">Parmi les raisons qui ont mis un coup d\u2019arr\u00eat \u00e0 ce chantier institutionnel officiellement \u00ab d\u00e9sir\u00e9 \u00bb, il me faut ici mentionner la somme des contraintes v\u00e9cues par celui qui travaille \u00e0 la fois dans la recherche et dans l\u2019action. C\u2019est une situation connue dans de nombreux \u00e9tablissements mais rarement en administration centrale. L\u2019exp\u00e9rience a tout de suite \u00e9t\u00e9 d\u00e9licate car elle a tout de suite interrog\u00e9 la libert\u00e9 acad\u00e9mique du chercheur qui travaille au c\u0153ur des politiques publiques sur un objet lui-m\u00eame d\u00e9licat. Pour amorcer une autre des raisons \u00e0 cet abandon, je dirais simplement que l\u2019ambition du \u00ab Vocabulaire de l\u2019architecture contemporaine \u00bb \u00e9tait trop p\u00e9rilleuse, trop subversive, car elle venait se mesurer \u00e0 l\u2019\u00e9difice doctrinal de l\u2019Inventaire g\u00e9n\u00e9ral. En effet, les r\u00e9unions du Conseil scientifique l\u2019ont rapidement montr\u00e9 : envisager que la d\u00e9marche puisse aller au-del\u00e0 de la description technique des parties d\u2019un \u00e9difice revenait \u00e0 convoquer la dimension spatiale et la dimension sociale de l\u2019architecture. Cela revenait \u00e0 innover dans le champ normatif. Cela revenait \u00e0 dire que le spectre terminologique de l\u2019architecture est plus large que pr\u00e9vu, que le syst\u00e8me notionnel \u00e9chappe \u00e0 la seule description morphologique des objets techniques et, finalement, que l\u2019architecture ne se r\u00e9duit pas \u00e0 la construction. En somme, je dirais que cette interrogation existentielle n\u2019\u00e9tait pas loin de d\u00e9montrer qu\u2019on s\u2019\u00e9tait peut-\u00eatre tromp\u00e9 ; que l\u2019id\u00e9e qu\u2019on se faisait jusqu\u2019\u00e0 pr\u00e9sent d\u2019un vocabulaire typologique de l\u2019architecture \u00e9tait plut\u00f4t celle d\u2019un vocabulaire typologique de la construction en architecture.<\/p>\n<p align=\"justify\">J\u2019ai tr\u00e8s vite pens\u00e9 que l\u2019exercice allait \u00eatre acrobatique et le chemin sinueux. Mais ma motivation \u00e9tait grande car l\u2019objectif de d\u00e9part \u00e9tait celui-ci\u00a0: publier un nouvel ouvrage dans la collection historique des \u00ab\u00a0Vocabulaires \u2013 Principes d\u2019analyse scientifique\u00a0\u00bb, laquelle a accompagn\u00e9 la mont\u00e9e en puissance depuis 1964 du service de l\u2019Inventaire g\u00e9n\u00e9ral des monuments et des richesses artistiques de la France voulu par Andr\u00e9 Malraux et Andr\u00e9 Chastel. Le tout premier volume de cette prestigieuse collection fut pr\u00e9cis\u00e9ment consacr\u00e9 \u00e0 l\u2019architecture. Il fut \u00e9labor\u00e9 et publi\u00e9 en 1972 par Jean-Marie P\u00e9rouse de Montclos. De r\u00e9\u00e9dition en r\u00e9\u00e9dition et jusqu\u2019\u00e0 maintenant, il s\u2019est am\u00e9lior\u00e9, il s\u2019est actualis\u00e9 et il est rest\u00e9 la r\u00e9f\u00e9rence incontournable pour toutes celles et tous ceux qui consid\u00e8rent que l\u2019architecture n\u2019est pas invit\u00e9e au mariage du spatial et du social.<\/p>\n<p align=\"justify\">Pour que le chantier global puisse s\u2019appuyer sur une dynamique collective et des fondations solides, deux s\u00e9minaires de recherche ont \u00e9t\u00e9 con\u00e7us et organis\u00e9s. Ils avaient tous les deux pour objectif d\u2019accompagner la concertation sur les enjeux strat\u00e9giques et intellectuels que je viens d\u2019\u00e9voquer. Le premier, consacr\u00e9 \u00e0 l\u2019\u00ab\u00a0Histoire de l\u2019architecture du temps pr\u00e9sent\u00a0\u00bb, fait l\u2019objet du pr\u00e9sent site Internet. Le second, consacr\u00e9 aux \u00ab\u00a0Mots de l\u2019architecture contemporaine\u00a0\u00bb, figure ici en annexe pour que chacun puisse comprendre qu\u2019il y a en effet imbrication dans la fabrique des \u00ab\u00a0langues de sp\u00e9cialit\u00e9\u00a0\u00bb de l\u2019architecture.<\/p>\n<p align=\"justify\">Les vid\u00e9os qu\u2019on peut d\u00e9sormais consulter retracent les seize s\u00e9ances du s\u00e9minaire sur l\u2019\u00ab\u00a0Histoire de l\u2019architecture du temps pr\u00e9sent\u00a0\u00bb. Les historiens qui ont particip\u00e9 \u00e0 cette d\u00e9marche collective ont accept\u00e9 de faire un expos\u00e9 en deux parties\u00a0: la premi\u00e8re est une forme d\u2019\u00e9go-histoire et la seconde est un d\u00e9veloppement th\u00e9matique. Les \u00e9changes suscit\u00e9s par ces expos\u00e9s viennent nourrir une r\u00e9flexion transversale sur le m\u00e9tier d\u2019historien de l\u2019architecture, sur ses \u00e9volutions r\u00e9centes, sur ses relations avec le patrimoine et la cr\u00e9ation, sur ses responsabilit\u00e9s dans la compr\u00e9hension des transformations du cadre de vie de tous les jours. Ils disent aussi \u2013 c\u2019\u00e9tait une des dimensions sous-jacentes de l\u2019op\u00e9ration \u2013 qu\u2019il y a bien compl\u00e9mentarit\u00e9 entre deux fa\u00e7ons d\u2019\u00eatre historien de l\u2019architecture\u00a0: celle qui trouve son origine dans les universit\u00e9s loin du projet d\u2019architecture et celle qui s\u2019apprend dans les \u00e9coles d\u2019architecture au contact du projet d\u2019architecture.<\/p>\n<p align=\"justify\">Pour conclure cet avant-propos, je veux remercier toutes celles et tous ceux qui ont cru \u00e0 ce chantier d\u00e9licat et qui m\u2019ont soutenu dans cette entreprise risqu\u00e9e, celles et ceux qui ont particip\u00e9 \u00e0 ces deux s\u00e9minaires et celles et ceux qui m\u2019ont aid\u00e9 \u00e0 les organiser. \u00c0 l\u2019\u00e9poque\u00a0! Ce faisant, je prends soin \u00e9galement de d\u00e9dier ce site Internet \u00e0 celles et ceux qui ont compris que l\u2019histoire de l\u2019architecture dans les universit\u00e9s comme dans les \u00e9coles d\u2019architecture est en danger et qu\u2019il faut s\u2019en inqui\u00e9ter, surtout si l\u2019on consid\u00e8re qu\u2019elle est un large socle d\u2019\u00e9rudition pour le projet d\u2019architecture.<\/p>\n<p align=\"justify\"><em> Les Ch\u00e2tres, d\u00e9cembre 2025<\/em><\/p>\n<p>[\/vc_column_text][\/vc_column][\/vc_row][vc_row full_width=\u00a0\u00bbstretch_row\u00a0\u00bb content_placement=\u00a0\u00bbmiddle\u00a0\u00bb bg_type=\u00a0\u00bbbg_color\u00a0\u00bb enable_overlay=\u00a0\u00bbenable_overlay_value\u00a0\u00bb overlay_color=\u00a0\u00bb#00000000&Prime; overlay_pattern=\u00a0\u00bb08.png\u00a0\u00bb seperator_enable=\u00a0\u00bbseperator_enable_value\u00a0\u00bb seperator_type=\u00a0\u00bbxlarge_triangle_right_seperator\u00a0\u00bb seperator_svg_height=\u00a0\u00bb150&Prime; seperator_shape_background=\u00a0\u00bb#00000085&Prime; css=\u00a0\u00bb.vc_custom_1773330022032{padding-top: 80px !important;padding-bottom: 30px !important;background-color: rgba(0,0,0,0.04) !important;*background-color: rgb(0,0,0) !important;}\u00a0\u00bb bg_color_value=\u00a0\u00bb#7057E0&Prime;][vc_column offset=\u00a0\u00bbvc_col-lg-4 vc_col-md-12&Prime; css=\u00a0\u00bb.vc_custom_1575378589868{padding-bottom: 20px !important;}\u00a0\u00bb][\/vc_column][vc_column offset=\u00a0\u00bbvc_col-lg-4 vc_col-md-12&Prime; css=\u00a0\u00bb.vc_custom_1575378595138{padding-bottom: 20px !important;}\u00a0\u00bb][vc_single_image image=\u00a0\u00bb57475&Prime; img_size=\u00a0\u00bbmedium\u00a0\u00bb alignment=\u00a0\u00bbcenter\u00a0\u00bb css=\u00a0\u00bb\u00a0\u00bb][\/vc_column][vc_column offset=\u00a0\u00bbvc_col-lg-4 vc_col-md-12 vc_col-xs-12&Prime; css=\u00a0\u00bb.vc_custom_1575378844390{padding-bottom: 20px !important;}\u00a0\u00bb][\/vc_column][\/vc_row]<\/p>\n<\/div>","protected":false},"excerpt":{"rendered":"<p>[vc_row full_width=\u00a0\u00bbstretch_row\u00a0\u00bb bg_type=\u00a0\u00bbbg_color\u00a0\u00bb bg_override=\u00a0\u00bbbrowser_size\u00a0\u00bb enable_overlay=\u00a0\u00bbenable_overlay_value\u00a0\u00bb overlay_pattern=\u00a0\u00bb08.png\u00a0\u00bb overlay_pattern_opacity=\u00a0\u00bb20&Prime; css=\u00a0\u00bb.vc_custom_1774367528547{margin-top: 0px !important;padding-top: 100px !important;padding-bottom: 150px !important;}\u00a0\u00bb bg_color_value=\u00a0\u00bb#FFFFFF\u00a0\u00bb][vc_column offset=\u00a0\u00bbvc_col-lg-offset-2 vc_col-lg-8 vc_col-md-offset-2 vc_col-md-8 vc_col-sm-offset-0 vc_col-xs-12&Prime; css=\u00a0\u00bb.vc_custom_1774367543993{padding-top: 60px !important;padding-bottom: 70px !important;}\u00a0\u00bb][vc_row_inner][vc_column_inner width=\u00a0\u00bb1\/2&Prime; css=\u00a0\u00bb.vc_custom_1774367616910{margin-bottom: 25px !important;border-right-width: 3px !important;padding-top: 30px !important;padding-bottom: 30px !important;border-right-style: solid !important;border-color: #7057E0 !important;}\u00a0\u00bb offset=\u00a0\u00bbvc_col-lg-offset-0 vc_col-md-offset-0 vc_col-sm-offset-0 vc_col-xs-6&Prime;][\/vc_column_inner][\/vc_row_inner][\/vc_column][vc_column css_animation=\u00a0\u00bbfadeIn\u00a0\u00bb css=\u00a0\u00bb.vc_custom_1773076935241{padding-bottom: 60px !important;}\u00a0\u00bb][vc_column_text css_animation=\u00a0\u00bbfadeInUp\u00a0\u00bb css=\u00a0\u00bb\u00a0\u00bb] Le chantier du \u00ab\u00a0Vocabulaire de&hellip;<\/p>\n","protected":false},"author":1,"featured_media":0,"parent":0,"menu_order":10,"comment_status":"closed","ping_status":"closed","template":"","meta":{"footnotes":""},"class_list":["post-1479","page","type-page","status-publish","hentry","description-off"],"_links":{"self":[{"href":"https:\/\/vocarchi.fr\/index.php\/wp-json\/wp\/v2\/pages\/1479","targetHints":{"allow":["GET"]}}],"collection":[{"href":"https:\/\/vocarchi.fr\/index.php\/wp-json\/wp\/v2\/pages"}],"about":[{"href":"https:\/\/vocarchi.fr\/index.php\/wp-json\/wp\/v2\/types\/page"}],"author":[{"embeddable":true,"href":"https:\/\/vocarchi.fr\/index.php\/wp-json\/wp\/v2\/users\/1"}],"replies":[{"embeddable":true,"href":"https:\/\/vocarchi.fr\/index.php\/wp-json\/wp\/v2\/comments?post=1479"}],"version-history":[{"count":25,"href":"https:\/\/vocarchi.fr\/index.php\/wp-json\/wp\/v2\/pages\/1479\/revisions"}],"predecessor-version":[{"id":57754,"href":"https:\/\/vocarchi.fr\/index.php\/wp-json\/wp\/v2\/pages\/1479\/revisions\/57754"}],"wp:attachment":[{"href":"https:\/\/vocarchi.fr\/index.php\/wp-json\/wp\/v2\/media?parent=1479"}],"curies":[{"name":"wp","href":"https:\/\/api.w.org\/{rel}","templated":true}]}}